{"id":7124,"date":"2022-10-19T18:50:14","date_gmt":"2022-10-19T16:50:14","guid":{"rendered":"https:\/\/www.walcher.com\/services\/cad-circuit-diagram-creation\/"},"modified":"2022-10-20T15:29:44","modified_gmt":"2022-10-20T13:29:44","slug":"cad-circuit-diagram-creation","status":"publish","type":"page","link":"https:\/\/www.walcher.com\/en\/services\/cad-circuit-diagram-creation\/","title":{"rendered":"CAD circuit diagram creation"},"content":{"rendered":"\t\t<div data-elementor-type=\"wp-page\" data-elementor-id=\"7124\" class=\"elementor elementor-7124 elementor-5507\">\n\t\t\t\t<div class=\"elementor-section elementor-top-section elementor-element elementor-element-317c6a15 elementor-section-height-default elementor-section-height-default d-flex justify-content-center gutter-x-md\" data-id=\"317c6a15\" data-element_type=\"section\"><div class=\"elementor-container row flex-fill gutter-x-md gutter-y-md justify-content-center justify-content-xl-start align-items-start\"><div class=\"elementor-column elementor-col-50 elementor-top-column elementor-element elementor-element-5a5303f1 col-12 col-md-auto col-xl-8 justify-content-center align-items-center align-items-xl-start\" data-id=\"5a5303f1\" data-element_type=\"column\"><div class=\"gutter-y-md gutter-xl-y-sm align-content-center align-content-xl-start elementor-widget-wrap elementor-element-populated\">\t\t<div class=\"elementor-element elementor-element-5be56a10 elementor-widget elementor-widget-text-editor\" data-id=\"5be56a10\" data-element_type=\"widget\" data-widget_type=\"text-editor.default\">\n\t\t\t\t<div class=\"elementor-widget-container\">\n\t\t\t\t\t        <div class=\"regular elementor-text-editor elementor-clearfix\"><p>Zu der Planung und Projektierung von Schaltanlagen geh\u00f6rt das Erstellen der CAD Dokumentation. Wir erstellen Schaltpl\u00e4ne mit der Engineeringsoftware EPLAN P8.<\/p>\n<\/div>\n        \t\t\t\t<\/div>\n\t\t\t\t<\/div>\n\t\t\t\t<div class=\"elementor-element elementor-element-3b52915c elementor-widget elementor-widget-heading\" data-id=\"3b52915c\" data-element_type=\"widget\" data-widget_type=\"heading.default\">\n\t\t\t\t<div class=\"elementor-widget-container\">\n\t\t\t\t\t<h2 class=\"elementor-heading-title h5\">Die Dokumentation beinhaltet u.a. folgende Pl\u00e4ne:<\/h2>\t\t\t\t<\/div>\n\t\t\t\t<\/div>\n\t\t\t\t<div class=\"elementor-element elementor-element-2043c19c Elementor-icon-list--layout-traditional Elementor-list-item-link-full_width elementor-widget elementor-widget-icon-list\" data-id=\"2043c19c\" data-element_type=\"widget\" data-widget_type=\"icon-list.default\">\n\t\t        <div class=\"d-flex justify-content-start elementor-widget-container\">\n                    <ul class=\"mb-0 flex-column list-unstyled gutter-x-md gutter-y-md gutter-xl-y-xs\">\n                            <li class=\"list-item d-flex flex-row align-items-start justify-content-start pt-xl-0 pr-xl-0 pb-xl-0 pl-xl-0\">\n                    <span class=\"list-item-icon d-block mr-1\"><svg  width='20' height='20' class=\"fa-svg fa-angle-right-svg\" xmlns=\"http:\/\/www.w3.org\/2000\/svg\" viewBox=\"0 0 256 512\"><path d=\"M224.3 273l-136 136c-9.4 9.4-24.6 9.4-33.9 0l-22.6-22.6c-9.4-9.4-9.4-24.6 0-33.9l96.4-96.4-96.4-96.4c-9.4-9.4-9.4-24.6 0-33.9L54.3 103c9.4-9.4 24.6-9.4 33.9 0l136 136c9.5 9.4 9.5 24.6.1 34z\"\/><\/svg><\/span>                    <span class=\"list-item-text\">Aufbauplan<\/span>\n                                    <\/li>\n                            <li class=\"list-item d-flex flex-row align-items-start justify-content-start pt-xl-0 pr-xl-0 pb-xl-0 pl-xl-0\">\n                    <span class=\"list-item-icon d-block mr-1\"><svg  width='20' height='20' class=\"fa-svg fa-angle-right-svg\" xmlns=\"http:\/\/www.w3.org\/2000\/svg\" viewBox=\"0 0 256 512\"><path d=\"M224.3 273l-136 136c-9.4 9.4-24.6 9.4-33.9 0l-22.6-22.6c-9.4-9.4-9.4-24.6 0-33.9l96.4-96.4-96.4-96.4c-9.4-9.4-9.4-24.6 0-33.9L54.3 103c9.4-9.4 24.6-9.4 33.9 0l136 136c9.5 9.4 9.5 24.6.1 34z\"\/><\/svg><\/span>                    <span class=\"list-item-text\">Stromlaufplan<\/span>\n                                    <\/li>\n                            <li class=\"list-item d-flex flex-row align-items-start justify-content-start pt-xl-0 pr-xl-0 pb-xl-0 pl-xl-0\">\n                    <span class=\"list-item-icon d-block mr-1\"><svg  width='20' height='20' class=\"fa-svg fa-angle-right-svg\" xmlns=\"http:\/\/www.w3.org\/2000\/svg\" viewBox=\"0 0 256 512\"><path d=\"M224.3 273l-136 136c-9.4 9.4-24.6 9.4-33.9 0l-22.6-22.6c-9.4-9.4-9.4-24.6 0-33.9l96.4-96.4-96.4-96.4c-9.4-9.4-9.4-24.6 0-33.9L54.3 103c9.4-9.4 24.6-9.4 33.9 0l136 136c9.5 9.4 9.5 24.6.1 34z\"\/><\/svg><\/span>                    <span class=\"list-item-text\">Kabelplan<\/span>\n                                    <\/li>\n                            <li class=\"list-item d-flex flex-row align-items-start justify-content-start pt-xl-0 pr-xl-0 pb-xl-0 pl-xl-0\">\n                    <span class=\"list-item-icon d-block mr-1\"><svg  width='20' height='20' class=\"fa-svg fa-angle-right-svg\" xmlns=\"http:\/\/www.w3.org\/2000\/svg\" viewBox=\"0 0 256 512\"><path d=\"M224.3 273l-136 136c-9.4 9.4-24.6 9.4-33.9 0l-22.6-22.6c-9.4-9.4-9.4-24.6 0-33.9l96.4-96.4-96.4-96.4c-9.4-9.4-9.4-24.6 0-33.9L54.3 103c9.4-9.4 24.6-9.4 33.9 0l136 136c9.5 9.4 9.5 24.6.1 34z\"\/><\/svg><\/span>                    <span class=\"list-item-text\">Klemmenplan<\/span>\n                                    <\/li>\n                            <li class=\"list-item d-flex flex-row align-items-start justify-content-start pt-xl-0 pr-xl-0 pb-xl-0 pl-xl-0\">\n                    <span class=\"list-item-icon d-block mr-1\"><svg  width='20' height='20' class=\"fa-svg fa-angle-right-svg\" xmlns=\"http:\/\/www.w3.org\/2000\/svg\" viewBox=\"0 0 256 512\"><path d=\"M224.3 273l-136 136c-9.4 9.4-24.6 9.4-33.9 0l-22.6-22.6c-9.4-9.4-9.4-24.6 0-33.9l96.4-96.4-96.4-96.4c-9.4-9.4-9.4-24.6 0-33.9L54.3 103c9.4-9.4 24.6-9.4 33.9 0l136 136c9.5 9.4 9.5 24.6.1 34z\"\/><\/svg><\/span>                    <span class=\"list-item-text\">Artikelliste<\/span>\n                                    <\/li>\n                            <li class=\"list-item d-flex flex-row align-items-start justify-content-start pt-xl-0 pr-xl-0 pb-xl-0 pl-xl-0\">\n                    <span class=\"list-item-icon d-block mr-1\"><svg  width='20' height='20' class=\"fa-svg fa-angle-right-svg\" xmlns=\"http:\/\/www.w3.org\/2000\/svg\" viewBox=\"0 0 256 512\"><path d=\"M224.3 273l-136 136c-9.4 9.4-24.6 9.4-33.9 0l-22.6-22.6c-9.4-9.4-9.4-24.6 0-33.9l96.4-96.4-96.4-96.4c-9.4-9.4-9.4-24.6 0-33.9L54.3 103c9.4-9.4 24.6-9.4 33.9 0l136 136c9.5 9.4 9.5 24.6.1 34z\"\/><\/svg><\/span>                    <span class=\"list-item-text\">Artikelsummenst\u00fcckliste<\/span>\n                                    <\/li>\n                    <\/ul>\n                <\/div>\n        \t\t<\/div>\n\t\t\t\t<div class=\"lead elementor-element elementor-element-4d3fecf elementor-widget elementor-widget-text-editor\" data-id=\"4d3fecf\" data-element_type=\"widget\" data-widget_type=\"text-editor.default\">\n\t\t\t\t<div class=\"elementor-widget-container\">\n\t\t\t\t\t        <div class=\"lead elementor-text-editor elementor-clearfix\"><p>Gerne zeichnen wir ihre bestehenden Pl\u00e4ne, die mit anderer Software erstellt wurden, in das Format EPLAN P8 um. Sprechen Sie uns an!<\/p>\n<\/div>\n        \t\t\t\t<\/div>\n\t\t\t\t<\/div>\n\t\t<\/div><\/div><div class=\"elementor-column elementor-col-50 elementor-top-column elementor-element elementor-element-410479fa col-12 col-md-auto col-xl-4 justify-content-center align-items-center align-items-xl-start\" data-id=\"410479fa\" data-element_type=\"column\" data-settings=\"{&quot;background_background&quot;:&quot;classic&quot;}\"><div class=\"gutter-y-md align-content-center align-content-xl-start elementor-widget-wrap elementor-element-populated\">\t\t<div class=\"elementor-element elementor-element-2f314efe elementor-widget elementor-widget-heading\" data-id=\"2f314efe\" data-element_type=\"widget\" data-widget_type=\"heading.default\">\n\t\t\t\t<div class=\"elementor-widget-container\">\n\t\t\t\t\t<p class=\"elementor-heading-title h5\">Ihr Ansprechpartner<\/p>\t\t\t\t<\/div>\n\t\t\t\t<\/div>\n\t\t\t\t<div class=\"elementor-element elementor-element-56fec83e elementor-widget elementor-widget-address\" data-id=\"56fec83e\" data-element_type=\"widget\" data-widget_type=\"address.default\">\n\t\t\t\t<div class=\"elementor-widget-container\">\n\t\t\t\t\t<div class=\"text-prepend mb-3\">\n    <p><strong>Thomas Walcher<\/strong><\/p><\/div>\n<address>\n                <p class=\"line phone-line mb-2\">\n            <svg  width='20' height='20' class=\"fa-svg fa-phone-svg fas-svg\" xmlns=\"http:\/\/www.w3.org\/2000\/svg\" viewBox=\"0 0 512 512\"><path d=\"M493.4 24.6l-104-24c-11.3-2.6-22.9 3.3-27.5 13.9l-48 112c-4.2 9.8-1.4 21.3 6.9 28l60.6 49.6c-36 76.7-98.9 140.5-177.2 177.2l-49.6-60.6c-6.8-8.3-18.2-11.1-28-6.9l-112 48C3.9 366.5-2 378.1.6 389.4l24 104C27.1 504.2 36.7 512 48 512c256.1 0 464-207.5 464-464 0-11.2-7.7-20.9-18.6-23.4z\"\/><\/svg>            <a href=\"tel:+496659987940\">+49 6659 98794 0<\/a>\n        <\/p>\n                        <p class=\"line email-line mb-2\">\n            <svg  width='20' height='20' class=\"fa-svg fa-envelope-svg far-svg\" xmlns=\"http:\/\/www.w3.org\/2000\/svg\" viewBox=\"0 0 512 512\"><path d=\"M464 64H48C21.49 64 0 85.49 0 112v288c0 26.51 21.49 48 48 48h416c26.51 0 48-21.49 48-48V112c0-26.51-21.49-48-48-48zm0 48v40.805c-22.422 18.259-58.168 46.651-134.587 106.49-16.841 13.247-50.201 45.072-73.413 44.701-23.208.375-56.579-31.459-73.413-44.701C106.18 199.465 70.425 171.067 48 152.805V112h416zM48 400V214.398c22.914 18.251 55.409 43.862 104.938 82.646 21.857 17.205 60.134 55.186 103.062 54.955 42.717.231 80.509-37.199 103.053-54.947 49.528-38.783 82.032-64.401 104.947-82.653V400H48z\"\/><\/svg>            <a href=\"mailto:info@walcher.com\">info@walcher.com<\/a>\n        <\/p>\n            <\/address>\n\t\t\t\t<\/div>\n\t\t\t\t<\/div>\n\t\t\t\t<div class=\"elementor-element elementor-element-4e5bacb elementor-widget elementor-widget-button\" data-id=\"4e5bacb\" data-element_type=\"widget\" data-widget_type=\"button.default\">\n\t\t\t\t<div class=\"elementor-widget-container\">\n\t\t\t\t\t        <div class=\"btn-wrapper\">\n            <a href=\"https:\/\/www.walcher.com\/kontakt\/\" class=\"btn-primary btn    btn-md\" role=\"button\">\n                        <span class=\"btn-content-wrapper\">\n                            <span class=\"btn-icon elementor-align-icon-left\">\n                <svg  width='20' height='20' aria-hidden='true' class=\"mr-2 fa-svg fa-envelope-svg\" xmlns=\"http:\/\/www.w3.org\/2000\/svg\" viewBox=\"0 0 512 512\"><path d=\"M502.3 190.8c3.9-3.1 9.7-.2 9.7 4.7V400c0 26.5-21.5 48-48 48H48c-26.5 0-48-21.5-48-48V195.6c0-5 5.7-7.8 9.7-4.7 22.4 17.4 52.1 39.5 154.1 113.6 21.1 15.4 56.7 47.8 92.2 47.6 35.7.3 72-32.8 92.3-47.6 102-74.1 131.6-96.3 154-113.7zM256 320c23.2.4 56.6-29.2 73.4-41.4 132.7-96.3 142.8-104.7 173.4-128.7 5.8-4.5 9.2-11.5 9.2-18.9v-19c0-26.5-21.5-48-48-48H48C21.5 64 0 85.5 0 112v19c0 7.4 3.4 14.3 9.2 18.9 30.6 23.9 40.7 32.4 173.4 128.7 16.8 12.2 50.2 41.8 73.4 41.4z\"\/><\/svg>            <\/span>\n            \t\t\t<span class=\"btn-text\">Anfrage stellen<\/span>\n            \t\t<\/span>\n                    <\/a>\n        <\/div>\n        \t\t\t\t<\/div>\n\t\t\t\t<\/div>\n\t\t<\/div><\/div><\/div><\/div>\t\t<\/div>\n\t\t","protected":false},"excerpt":{"rendered":"<p>Zu der Planung und Projektierung von Schaltanlagen geh\u00f6rt das Erstellen der CAD Dokumentation. Wir erstellen Schaltpl\u00e4ne mit der Engineeringsoftware EPLAN P8. Die Dokumentation beinhaltet u.a. folgende Pl\u00e4ne: Aufbauplan Stromlaufplan Kabelplan Klemmenplan Artikelliste Artikelsummenst\u00fcckliste Gerne zeichnen wir ihre bestehenden Pl\u00e4ne, die mit anderer Software erstellt wurden, in das Format EPLAN P8 um. Sprechen Sie uns an!\u2026<\/p>\n","protected":false},"author":1,"featured_media":0,"parent":7118,"menu_order":0,"comment_status":"closed","ping_status":"closed","template":"","meta":{"_acf_changed":false,"footnotes":""},"class_list":["post-7124","page","type-page","status-publish","hentry"],"acf":[],"yoast_head":"<!-- This site is optimized with the Yoast SEO plugin v26.6 - https:\/\/yoast.com\/wordpress\/plugins\/seo\/ -->\n<title>CAD circuit diagram creation &#8211; Walcher GmbH &amp; Co. KG<\/title>\n<meta name=\"robots\" content=\"index, follow, max-snippet:-1, max-image-preview:large, max-video-preview:-1\" \/>\n<link rel=\"canonical\" href=\"https:\/\/www.walcher.com\/leistungen\/cad-schaltplanerstellung\/\" \/>\n<meta property=\"og:locale\" content=\"en_US\" \/>\n<meta property=\"og:type\" content=\"article\" \/>\n<meta property=\"og:title\" content=\"CAD circuit diagram creation &#8211; Walcher GmbH &amp; Co. KG\" \/>\n<meta property=\"og:description\" content=\"Zu der Planung und Projektierung von Schaltanlagen geh\u00f6rt das Erstellen der CAD Dokumentation. Wir erstellen Schaltpl\u00e4ne mit der Engineeringsoftware EPLAN P8. Die Dokumentation beinhaltet u.a. folgende Pl\u00e4ne: Aufbauplan Stromlaufplan Kabelplan Klemmenplan Artikelliste Artikelsummenst\u00fcckliste Gerne zeichnen wir ihre bestehenden Pl\u00e4ne, die mit anderer Software erstellt wurden, in das Format EPLAN P8 um. Sprechen Sie uns an!\u2026\" \/>\n<meta property=\"og:url\" content=\"https:\/\/www.walcher.com\/leistungen\/cad-schaltplanerstellung\/\" \/>\n<meta property=\"og:site_name\" content=\"Walcher GmbH &amp; Co. KG\" \/>\n<meta property=\"article:modified_time\" content=\"2022-10-20T13:29:44+00:00\" \/>\n<meta name=\"twitter:card\" content=\"summary_large_image\" \/>\n<script type=\"application\/ld+json\" class=\"yoast-schema-graph\">{\"@context\":\"https:\/\/schema.org\",\"@graph\":[{\"@type\":\"WebPage\",\"@id\":\"https:\/\/www.walcher.com\/leistungen\/cad-schaltplanerstellung\/\",\"url\":\"https:\/\/www.walcher.com\/leistungen\/cad-schaltplanerstellung\/\",\"name\":\"CAD circuit diagram creation &#8211; Walcher GmbH &amp; Co. KG\",\"isPartOf\":{\"@id\":\"https:\/\/www.walcher.com\/#website\"},\"datePublished\":\"2022-10-19T16:50:14+00:00\",\"dateModified\":\"2022-10-20T13:29:44+00:00\",\"breadcrumb\":{\"@id\":\"https:\/\/www.walcher.com\/leistungen\/cad-schaltplanerstellung\/#breadcrumb\"},\"inLanguage\":\"en-US\",\"potentialAction\":[{\"@type\":\"ReadAction\",\"target\":[\"https:\/\/www.walcher.com\/leistungen\/cad-schaltplanerstellung\/\"]}]},{\"@type\":\"BreadcrumbList\",\"@id\":\"https:\/\/www.walcher.com\/leistungen\/cad-schaltplanerstellung\/#breadcrumb\",\"itemListElement\":[{\"@type\":\"ListItem\",\"position\":1,\"name\":\"Startseite\",\"item\":\"https:\/\/www.walcher.com\/en\/\"},{\"@type\":\"ListItem\",\"position\":2,\"name\":\"Services\",\"item\":\"https:\/\/www.walcher.com\/leistungen\/\"},{\"@type\":\"ListItem\",\"position\":3,\"name\":\"CAD circuit diagram creation\"}]},{\"@type\":\"WebSite\",\"@id\":\"https:\/\/www.walcher.com\/#website\",\"url\":\"https:\/\/www.walcher.com\/\",\"name\":\"Walcher GmbH &amp; Co. KG\",\"description\":\"Walcher, ihr kompetenter Partner f\u00fcr Energietechnik\",\"publisher\":{\"@id\":\"https:\/\/www.walcher.com\/#organization\"},\"potentialAction\":[{\"@type\":\"SearchAction\",\"target\":{\"@type\":\"EntryPoint\",\"urlTemplate\":\"https:\/\/www.walcher.com\/?s={search_term_string}\"},\"query-input\":{\"@type\":\"PropertyValueSpecification\",\"valueRequired\":true,\"valueName\":\"search_term_string\"}}],\"inLanguage\":\"en-US\"},{\"@type\":\"Organization\",\"@id\":\"https:\/\/www.walcher.com\/#organization\",\"name\":\"Walcher GmbH & Co. KG\",\"url\":\"https:\/\/www.walcher.com\/\",\"logo\":{\"@type\":\"ImageObject\",\"inLanguage\":\"en-US\",\"@id\":\"https:\/\/www.walcher.com\/#\/schema\/logo\/image\/\",\"url\":\"https:\/\/www.walcher.com\/wp-content\/uploads\/2022\/09\/walcher-gmbh-logo.png\",\"contentUrl\":\"https:\/\/www.walcher.com\/wp-content\/uploads\/2022\/09\/walcher-gmbh-logo.png\",\"width\":398,\"height\":170,\"caption\":\"Walcher GmbH & Co. KG\"},\"image\":{\"@id\":\"https:\/\/www.walcher.com\/#\/schema\/logo\/image\/\"},\"sameAs\":[\"https:\/\/www.youtube.com\/channel\/UC_QVWMXTV45XwOBagHsRNTw\"]}]}<\/script>\n<!-- \/ Yoast SEO plugin. -->","yoast_head_json":{"title":"CAD circuit diagram creation &#8211; Walcher GmbH &amp; Co. KG","robots":{"index":"index","follow":"follow","max-snippet":"max-snippet:-1","max-image-preview":"max-image-preview:large","max-video-preview":"max-video-preview:-1"},"canonical":"https:\/\/www.walcher.com\/leistungen\/cad-schaltplanerstellung\/","og_locale":"en_US","og_type":"article","og_title":"CAD circuit diagram creation &#8211; Walcher GmbH &amp; Co. KG","og_description":"Zu der Planung und Projektierung von Schaltanlagen geh\u00f6rt das Erstellen der CAD Dokumentation. Wir erstellen Schaltpl\u00e4ne mit der Engineeringsoftware EPLAN P8. Die Dokumentation beinhaltet u.a. folgende Pl\u00e4ne: Aufbauplan Stromlaufplan Kabelplan Klemmenplan Artikelliste Artikelsummenst\u00fcckliste Gerne zeichnen wir ihre bestehenden Pl\u00e4ne, die mit anderer Software erstellt wurden, in das Format EPLAN P8 um. Sprechen Sie uns an!\u2026","og_url":"https:\/\/www.walcher.com\/leistungen\/cad-schaltplanerstellung\/","og_site_name":"Walcher GmbH &amp; Co. KG","article_modified_time":"2022-10-20T13:29:44+00:00","twitter_card":"summary_large_image","schema":{"@context":"https:\/\/schema.org","@graph":[{"@type":"WebPage","@id":"https:\/\/www.walcher.com\/leistungen\/cad-schaltplanerstellung\/","url":"https:\/\/www.walcher.com\/leistungen\/cad-schaltplanerstellung\/","name":"CAD circuit diagram creation &#8211; Walcher GmbH &amp; Co. KG","isPartOf":{"@id":"https:\/\/www.walcher.com\/#website"},"datePublished":"2022-10-19T16:50:14+00:00","dateModified":"2022-10-20T13:29:44+00:00","breadcrumb":{"@id":"https:\/\/www.walcher.com\/leistungen\/cad-schaltplanerstellung\/#breadcrumb"},"inLanguage":"en-US","potentialAction":[{"@type":"ReadAction","target":["https:\/\/www.walcher.com\/leistungen\/cad-schaltplanerstellung\/"]}]},{"@type":"BreadcrumbList","@id":"https:\/\/www.walcher.com\/leistungen\/cad-schaltplanerstellung\/#breadcrumb","itemListElement":[{"@type":"ListItem","position":1,"name":"Startseite","item":"https:\/\/www.walcher.com\/en\/"},{"@type":"ListItem","position":2,"name":"Services","item":"https:\/\/www.walcher.com\/leistungen\/"},{"@type":"ListItem","position":3,"name":"CAD circuit diagram creation"}]},{"@type":"WebSite","@id":"https:\/\/www.walcher.com\/#website","url":"https:\/\/www.walcher.com\/","name":"Walcher GmbH &amp; Co. KG","description":"Walcher, ihr kompetenter Partner f\u00fcr Energietechnik","publisher":{"@id":"https:\/\/www.walcher.com\/#organization"},"potentialAction":[{"@type":"SearchAction","target":{"@type":"EntryPoint","urlTemplate":"https:\/\/www.walcher.com\/?s={search_term_string}"},"query-input":{"@type":"PropertyValueSpecification","valueRequired":true,"valueName":"search_term_string"}}],"inLanguage":"en-US"},{"@type":"Organization","@id":"https:\/\/www.walcher.com\/#organization","name":"Walcher GmbH & Co. KG","url":"https:\/\/www.walcher.com\/","logo":{"@type":"ImageObject","inLanguage":"en-US","@id":"https:\/\/www.walcher.com\/#\/schema\/logo\/image\/","url":"https:\/\/www.walcher.com\/wp-content\/uploads\/2022\/09\/walcher-gmbh-logo.png","contentUrl":"https:\/\/www.walcher.com\/wp-content\/uploads\/2022\/09\/walcher-gmbh-logo.png","width":398,"height":170,"caption":"Walcher GmbH & Co. KG"},"image":{"@id":"https:\/\/www.walcher.com\/#\/schema\/logo\/image\/"},"sameAs":["https:\/\/www.youtube.com\/channel\/UC_QVWMXTV45XwOBagHsRNTw"]}]}},"_links":{"self":[{"href":"https:\/\/www.walcher.com\/en\/wp-json\/wp\/v2\/pages\/7124","targetHints":{"allow":["GET"]}}],"collection":[{"href":"https:\/\/www.walcher.com\/en\/wp-json\/wp\/v2\/pages"}],"about":[{"href":"https:\/\/www.walcher.com\/en\/wp-json\/wp\/v2\/types\/page"}],"author":[{"embeddable":true,"href":"https:\/\/www.walcher.com\/en\/wp-json\/wp\/v2\/users\/1"}],"replies":[{"embeddable":true,"href":"https:\/\/www.walcher.com\/en\/wp-json\/wp\/v2\/comments?post=7124"}],"version-history":[{"count":0,"href":"https:\/\/www.walcher.com\/en\/wp-json\/wp\/v2\/pages\/7124\/revisions"}],"up":[{"embeddable":true,"href":"https:\/\/www.walcher.com\/en\/wp-json\/wp\/v2\/pages\/7118"}],"wp:attachment":[{"href":"https:\/\/www.walcher.com\/en\/wp-json\/wp\/v2\/media?parent=7124"}],"curies":[{"name":"wp","href":"https:\/\/api.w.org\/{rel}","templated":true}]}}